{"id":29069,"date":"2023-03-17T09:30:36","date_gmt":"2023-03-17T08:30:36","guid":{"rendered":"https:\/\/resonanceart.ch\/?post_type=product&#038;p=29069"},"modified":"2023-03-17T09:50:04","modified_gmt":"2023-03-17T08:50:04","slug":"santur-15-years-wood-built","status":"publish","type":"product","link":"https:\/\/resonanceart.ch\/?product=santur-15-years-wood-built","title":{"rendered":"Santur 15 years wood built"},"content":{"rendered":"<p><img loading=\"lazy\" decoding=\"async\" class=\"alignnone size-medium wp-image-29020\" src=\"https:\/\/resonanceart.ch\/wp-content\/uploads\/2023\/03\/IMG_20190101_0002-2-300x225.jpg\" alt=\"\" width=\"300\" height=\"225\" \/><\/p>\n","protected":false},"excerpt":{"rendered":"<p><img loading=\"lazy\" decoding=\"async\" class=\"alignnone size-medium wp-image-29020\" src=\"https:\/\/resonanceart.ch\/wp-content\/uploads\/2023\/03\/IMG_20190101_0002-2-300x225.jpg\" alt=\"\" width=\"300\" height=\"225\" \/><\/p>\n<p>A vendre 2 Santur professionnel<br \/>\n1. Santur Sel kuk 9 dulcimer 15 ans de traitement Fabrication \u00e0 2000 CHF\/Euro<br \/>\n2. Santur Sel kuk 9 dulcimer 10 ans de traitement et fabrication \u00e0 1500 CHF \/ Euro<br \/>\nFor sale 2 Professional Santur<br \/>\n1. Santur Sel kuk 9 dulcimer 15 years of treatment Manufacturing at 2000 CHF\/Euro<br \/>\n2. Santur Sel kuk 9 dulcimer 10 years of processing and manufacturing at 1500 CHF \/ Euro<br \/>\nSel Kuk 9 dulcimer vo\u00fbt\u00e9 avec bois de noyer<br \/>\nAvant le processus de construction, les planches ont \u00e9t\u00e9 s\u00e9ch\u00e9es naturellement pendant 10<br \/>\nans, et pendant le processus de production, elles sont s\u00e9ch\u00e9es dans des fours \u00e0 bois<br \/>\npendant une semaine.<br \/>\nApr\u00e8s cela elles sont pr\u00eates pour la construction avec les techniques, exp\u00e9rience et<br \/>\nconnaissances de fabrication personnel de Maitre de Santur Arman Rashidi en Iran, les<br \/>\nSantur devient finalement un produit de qualit\u00e9 et pr\u00e9cieux.<br \/>\nSalt Kuk 9 arched dulcimer with walnut wood<br \/>\nBefore the construction process, the boards were naturally dried for 10 years, and during<br \/>\nthe production process, they are dried in wood ovens for a week.<br \/>\nAfter that they are ready for construction with the techniques, experience and personal<br \/>\nmanufacturing knowledge of Master of Santur Arman Rashidi in Iran, the Santur finally<br \/>\nbecomes a quality and valuable product.<\/p>\n","protected":false},"featured_media":29020,"comment_status":"open","ping_status":"closed","template":"","meta":{"_et_pb_use_builder":"","_et_pb_old_content":"","_et_gb_content_width":""},"product_brand":[],"product_cat":[21],"product_tag":[22],"class_list":{"0":"post-29069","1":"product","2":"type-product","3":"status-publish","4":"has-post-thumbnail","6":"product_cat-music","7":"product_tag-santur","9":"first","10":"onbackorder","11":"sale","12":"taxable","13":"shipping-taxable","14":"purchasable","15":"product-type-simple"},"_links":{"self":[{"href":"https:\/\/resonanceart.ch\/index.php?rest_route=\/wp\/v2\/product\/29069","targetHints":{"allow":["GET"]}}],"collection":[{"href":"https:\/\/resonanceart.ch\/index.php?rest_route=\/wp\/v2\/product"}],"about":[{"href":"https:\/\/resonanceart.ch\/index.php?rest_route=\/wp\/v2\/types\/product"}],"replies":[{"embeddable":true,"href":"https:\/\/resonanceart.ch\/index.php?rest_route=%2Fwp%2Fv2%2Fcomments&post=29069"}],"wp:featuredmedia":[{"embeddable":true,"href":"https:\/\/resonanceart.ch\/index.php?rest_route=\/wp\/v2\/media\/29020"}],"wp:attachment":[{"href":"https:\/\/resonanceart.ch\/index.php?rest_route=%2Fwp%2Fv2%2Fmedia&parent=29069"}],"wp:term":[{"taxonomy":"product_brand","embeddable":true,"href":"https:\/\/resonanceart.ch\/index.php?rest_route=%2Fwp%2Fv2%2Fproduct_brand&post=29069"},{"taxonomy":"product_cat","embeddable":true,"href":"https:\/\/resonanceart.ch\/index.php?rest_route=%2Fwp%2Fv2%2Fproduct_cat&post=29069"},{"taxonomy":"product_tag","embeddable":true,"href":"https:\/\/resonanceart.ch\/index.php?rest_route=%2Fwp%2Fv2%2Fproduct_tag&post=29069"}],"curies":[{"name":"wp","href":"https:\/\/api.w.org\/{rel}","templated":true}]}}