{"id":29565,"date":"2026-05-02T15:52:31","date_gmt":"2026-05-02T13:52:31","guid":{"rendered":"https:\/\/resonanceart.ch\/?page_id=29565"},"modified":"2026-05-04T03:19:26","modified_gmt":"2026-05-04T01:19:26","slug":"artists-directory","status":"publish","type":"page","link":"https:\/\/resonanceart.ch\/?page_id=29565","title":{"rendered":"Profiles"},"content":{"rendered":"    <div class=\"resonance-profiles-wrap\">\n        <form method=\"get\" class=\"resonance-profiles-filters notranslate\" translate=\"no\"><input type=\"hidden\" name=\"page_id\" value=\"29565\">\n            <div class=\"filter-group filter-group-search\">\n                <label>Search<\/label>\n                <input type=\"search\" name=\"q\" value=\"\" placeholder=\"Name, city, bio...\" \/>\n            <\/div>\n            <div class=\"filter-group\">\n                <label>Type<\/label>\n                <select name=\"type\">\n                    <option value=\"\">All<\/option>\n                                            <option value=\"artist\" >\ud83c\udfa8 Artist<\/option>\n                                            <option value=\"sponsor\" >\ud83d\udc9b Patron<\/option>\n                                            <option value=\"connection\" >\ud83e\udd1d Member<\/option>\n                                    <\/select>\n            <\/div>\n            <div class=\"filter-group\">\n                <label>Country<\/label>\n                <select name=\"country\">\n                    <option value=\"\">All<\/option>\n                                    <\/select>\n            <\/div>\n            <div class=\"filter-group\">\n                <label>City<\/label>\n                <select name=\"city\">\n                    <option value=\"\">All<\/option>\n                                    <\/select>\n            <\/div>\n            <div class=\"filter-group\">\n                <label>Domain<\/label>\n                <select name=\"domain\">\n                    <option value=\"\">All<\/option>\n                                            <option value=\"musician\" >Musician<\/option>\n                                            <option value=\"vocalist\" >Vocalist<\/option>\n                                            <option value=\"painter\" >Painter<\/option>\n                                            <option value=\"designer\" >Designer<\/option>\n                                            <option value=\"nature_art\" >Nature Art<\/option>\n                                            <option value=\"dancer\" >Dancer<\/option>\n                                            <option value=\"tango\" >Tango<\/option>\n                                            <option value=\"whirling_dance\" >Whirling Dance<\/option>\n                                            <option value=\"whirling\" >Whirling<\/option>\n                                            <option value=\"sufi_art\" >Sufi Art<\/option>\n                                            <option value=\"photographer\" >Photographer<\/option>\n                                            <option value=\"sculptor\" >Sculptor<\/option>\n                                            <option value=\"holistic\" >Holistic Wellness<\/option>\n                                            <option value=\"healer\" >Healer<\/option>\n                                            <option value=\"other\" >Other<\/option>\n                                    <\/select>\n            <\/div>\n            <div class=\"filter-group\">\n                <label>Sort by<\/label>\n                <select name=\"orderby\">\n                    <option value=\"name\"       selected='selected'>Name (A-Z)<\/option>\n                    <option value=\"name_desc\" >Name (Z-A)<\/option>\n                    <option value=\"newest\"    >Newest first<\/option>\n                    <option value=\"oldest\"    >Oldest first<\/option>\n                <\/select>\n            <\/div>\n            <div class=\"filter-group filter-actions\">\n                <button type=\"submit\" class=\"filter-submit-btn\">Filter<\/button>\n                <a href=\"https:\/\/resonanceart.ch\/?page_id=29565\" class=\"filter-reset-btn\">Reset<\/a>\n            <\/div>\n        <\/form>\n\n        <div class=\"profile-count\">4 profiles found<\/div>\n\n        <div class=\"resonance-profiles-grid\">\n                                            <a href=\"https:\/\/resonanceart.ch\/?page_id=29620&#038;artist_id=922\" class=\"profile-card-link\">\n                <div class=\"profile-card profile-type-artist\">\n                    <div class=\"profile-card-header\">\n                        <img decoding=\"async\" src=\"https:\/\/secure.gravatar.com\/avatar\/0c00fb6450bd8e02d74e7bd6895fcdff495399e4820a82de419d7d319994cbe7?s=200&#038;r=g&#038;d=https:\/\/resonanceart.ch\/wp-content\/plugins\/userswp\/assets\/images\/no_profile.png\" alt=\"Anastasia Kozlova\" class=\"profile-avatar\" loading=\"lazy\">\n                        <span class=\"profile-badge\">\ud83c\udfa8 Artist<\/span>\n                    <\/div>\n                    <h3 class=\"profile-name notranslate\" translate=\"no\">Anastasia Kozlova<\/h3>\n                                                                            <\/div>\n                <\/a>\n                                            <a href=\"https:\/\/resonanceart.ch\/?page_id=29620&#038;artist_id=921\" class=\"profile-card-link\">\n                <div class=\"profile-card profile-type-artist\">\n                    <div class=\"profile-card-header\">\n                        <img decoding=\"async\" src=\"https:\/\/resonanceart.ch\/wp-content\/uploads\/2026\/05\/IMG-20260515-WA0008-1_uwp_avatar_thumb.jpg\" alt=\"Juanvidamukti\" class=\"profile-avatar\" loading=\"lazy\">\n                        <span class=\"profile-badge\">\ud83c\udfa8 Artist<\/span>\n                    <\/div>\n                    <h3 class=\"profile-name notranslate\" translate=\"no\">Juanvidamukti<\/h3>\n                                                                                    <p class=\"profile-bio\">Artiste multidisciplinaire et professeur de yoga, il explore divers domaines artistiques et de bien-\u00eatre \u00e0 travers la musique, le mouvement et le d\u00e9veloppement personnel. \u2606Movimiento&hellip;<\/p>\n                                    <\/div>\n                <\/a>\n                                            <a href=\"https:\/\/resonanceart.ch\/?page_id=29620&#038;artist_id=1\" class=\"profile-card-link\">\n                <div class=\"profile-card profile-type-artist\">\n                    <div class=\"profile-card-header\">\n                        <img decoding=\"async\" src=\"https:\/\/resonanceart.ch\/wp-content\/uploads\/2026\/05\/Screenshot_20221130_210928-3_uwp_avatar_thumb.jpg\" alt=\"lyokhoy\" class=\"profile-avatar\" loading=\"lazy\">\n                        <span class=\"profile-badge\">\ud83c\udfa8 Artist<\/span>\n                    <\/div>\n                    <h3 class=\"profile-name notranslate\" translate=\"no\">lyokhoy<\/h3>\n                                                                            <\/div>\n                <\/a>\n                                            <a href=\"https:\/\/resonanceart.ch\/?page_id=29620&#038;artist_id=920\" class=\"profile-card-link\">\n                <div class=\"profile-card profile-type-artist\">\n                    <div class=\"profile-card-header\">\n                        <img decoding=\"async\" src=\"https:\/\/resonanceart.ch\/wp-content\/uploads\/2026\/05\/icone-logo-resonanceart-1_uwp_avatar_thumb.png\" alt=\"ResonanceArt\" class=\"profile-avatar\" loading=\"lazy\">\n                        <span class=\"profile-badge\">\ud83c\udfa8 Artist<\/span>\n                    <\/div>\n                    <h3 class=\"profile-name notranslate\" translate=\"no\">ResonanceArt<\/h3>\n                                                                                    <p class=\"profile-bio\">The ResonanceArt association account<\/p>\n                                    <\/div>\n                <\/a>\n                    <\/div>\n    <\/div>\n    \n","protected":false},"excerpt":{"rendered":"    <div class=\"resonance-profiles-wrap\">\n        <form method=\"get\" class=\"resonance-profiles-filters notranslate\" translate=\"no\"><input type=\"hidden\" name=\"page_id\" value=\"29565\">\n            <div class=\"filter-group filter-group-search\">\n                <label>Search<\/label>\n                <input type=\"search\" name=\"q\" value=\"\" placeholder=\"Name, city, bio...\" \/>\n            <\/div>\n            <div class=\"filter-group\">\n                <label>Type<\/label>\n                <select name=\"type\">\n                    <option value=\"\">All<\/option>\n                                            <option value=\"artist\" >\ud83c\udfa8 Artist<\/option>\n                                            <option value=\"sponsor\" >\ud83d\udc9b Patron<\/option>\n                                            <option value=\"connection\" >\ud83e\udd1d Member<\/option>\n                                    <\/select>\n            <\/div>\n            <div class=\"filter-group\">\n                <label>Country<\/label>\n                <select name=\"country\">\n                    <option value=\"\">All<\/option>\n                                    <\/select>\n            <\/div>\n            <div class=\"filter-group\">\n                <label>City<\/label>\n                <select name=\"city\">\n                    <option value=\"\">All<\/option>\n                                    <\/select>\n            <\/div>\n            <div class=\"filter-group\">\n                <label>Domain<\/label>\n                <select name=\"domain\">\n                    <option value=\"\">All<\/option>\n                                            <option value=\"musician\" >Musician<\/option>\n                                            <option value=\"vocalist\" >Vocalist<\/option>\n                                            <option value=\"painter\" >Painter<\/option>\n                                            <option value=\"designer\" >Designer<\/option>\n                                            <option value=\"nature_art\" >Nature Art<\/option>\n                                            <option value=\"dancer\" >Dancer<\/option>\n                                            <option value=\"tango\" >Tango<\/option>\n                                            <option value=\"whirling_dance\" >Whirling Dance<\/option>\n                                            <option value=\"whirling\" >Whirling<\/option>\n                                            <option value=\"sufi_art\" >Sufi Art<\/option>\n                                            <option value=\"photographer\" >Photographer<\/option>\n                                            <option value=\"sculptor\" >Sculptor<\/option>\n                                            <option value=\"holistic\" >Holistic Wellness<\/option>\n                                            <option value=\"healer\" >Healer<\/option>\n                                            <option value=\"other\" >Other<\/option>\n                                    <\/select>\n            <\/div>\n            <div class=\"filter-group\">\n                <label>Sort by<\/label>\n                <select name=\"orderby\">\n                    <option value=\"name\"       selected='selected'>Name (A-Z)<\/option>\n                    <option value=\"name_desc\" >Name (Z-A)<\/option>\n                    <option value=\"newest\"    >Newest first<\/option>\n                    <option value=\"oldest\"    >Oldest first<\/option>\n                <\/select>\n            <\/div>\n            <div class=\"filter-group filter-actions\">\n                <button type=\"submit\" class=\"filter-submit-btn\">Filter<\/button>\n                <a href=\"https:\/\/resonanceart.ch\/?page_id=29565\" class=\"filter-reset-btn\">Reset<\/a>\n            <\/div>\n        <\/form>\n\n        <div class=\"profile-count\">4 profiles found<\/div>\n\n        <div class=\"resonance-profiles-grid\">\n                                            <a href=\"https:\/\/resonanceart.ch\/?page_id=29620&#038;artist_id=922\" class=\"profile-card-link\">\n                <div class=\"profile-card profile-type-artist\">\n                    <div class=\"profile-card-header\">\n                        <img decoding=\"async\" src=\"https:\/\/secure.gravatar.com\/avatar\/0c00fb6450bd8e02d74e7bd6895fcdff495399e4820a82de419d7d319994cbe7?s=200&#038;r=g&#038;d=https:\/\/resonanceart.ch\/wp-content\/plugins\/userswp\/assets\/images\/no_profile.png\" alt=\"Anastasia Kozlova\" class=\"profile-avatar\" loading=\"lazy\">\n                        <span class=\"profile-badge\">\ud83c\udfa8 Artist<\/span>\n                    <\/div>\n                    <h3 class=\"profile-name notranslate\" translate=\"no\">Anastasia Kozlova<\/h3>\n                                                                            <\/div>\n                <\/a>\n                                            <a href=\"https:\/\/resonanceart.ch\/?page_id=29620&#038;artist_id=921\" class=\"profile-card-link\">\n                <div class=\"profile-card profile-type-artist\">\n                    <div class=\"profile-card-header\">\n                        <img decoding=\"async\" src=\"https:\/\/resonanceart.ch\/wp-content\/uploads\/2026\/05\/IMG-20260515-WA0008-1_uwp_avatar_thumb.jpg\" alt=\"Juanvidamukti\" class=\"profile-avatar\" loading=\"lazy\">\n                        <span class=\"profile-badge\">\ud83c\udfa8 Artist<\/span>\n                    <\/div>\n                    <h3 class=\"profile-name notranslate\" translate=\"no\">Juanvidamukti<\/h3>\n                                                                                    <p class=\"profile-bio\">Artiste multidisciplinaire et professeur de yoga, il explore divers domaines artistiques et de bien-\u00eatre \u00e0 travers la musique, le mouvement et le d\u00e9veloppement personnel. \u2606Movimiento&hellip;<\/p>\n                                    <\/div>\n                <\/a>\n                                            <a href=\"https:\/\/resonanceart.ch\/?page_id=29620&#038;artist_id=1\" class=\"profile-card-link\">\n                <div class=\"profile-card profile-type-artist\">\n                    <div class=\"profile-card-header\">\n                        <img decoding=\"async\" src=\"https:\/\/resonanceart.ch\/wp-content\/uploads\/2026\/05\/Screenshot_20221130_210928-3_uwp_avatar_thumb.jpg\" alt=\"lyokhoy\" class=\"profile-avatar\" loading=\"lazy\">\n                        <span class=\"profile-badge\">\ud83c\udfa8 Artist<\/span>\n                    <\/div>\n                    <h3 class=\"profile-name notranslate\" translate=\"no\">lyokhoy<\/h3>\n                                                                            <\/div>\n                <\/a>\n                                            <a href=\"https:\/\/resonanceart.ch\/?page_id=29620&#038;artist_id=920\" class=\"profile-card-link\">\n                <div class=\"profile-card profile-type-artist\">\n                    <div class=\"profile-card-header\">\n                        <img decoding=\"async\" src=\"https:\/\/resonanceart.ch\/wp-content\/uploads\/2026\/05\/icone-logo-resonanceart-1_uwp_avatar_thumb.png\" alt=\"ResonanceArt\" class=\"profile-avatar\" loading=\"lazy\">\n                        <span class=\"profile-badge\">\ud83c\udfa8 Artist<\/span>\n                    <\/div>\n                    <h3 class=\"profile-name notranslate\" translate=\"no\">ResonanceArt<\/h3>\n                                                                                    <p class=\"profile-bio\">The ResonanceArt association account<\/p>\n                                    <\/div>\n                <\/a>\n                    <\/div>\n    <\/div>\n    \n","protected":false},"author":1,"featured_media":0,"parent":0,"menu_order":0,"comment_status":"closed","ping_status":"closed","template":"","meta":{"_et_pb_use_builder":"on","_et_pb_old_content":"<!-- wp:shortcode \/-->","_et_gb_content_width":"","footnotes":""},"class_list":["post-29565","page","type-page","status-publish","hentry"],"_links":{"self":[{"href":"https:\/\/resonanceart.ch\/index.php?rest_route=\/wp\/v2\/pages\/29565","targetHints":{"allow":["GET"]}}],"collection":[{"href":"https:\/\/resonanceart.ch\/index.php?rest_route=\/wp\/v2\/pages"}],"about":[{"href":"https:\/\/resonanceart.ch\/index.php?rest_route=\/wp\/v2\/types\/page"}],"author":[{"embeddable":true,"href":"https:\/\/resonanceart.ch\/index.php?rest_route=\/wp\/v2\/users\/1"}],"replies":[{"embeddable":true,"href":"https:\/\/resonanceart.ch\/index.php?rest_route=%2Fwp%2Fv2%2Fcomments&post=29565"}],"version-history":[{"count":7,"href":"https:\/\/resonanceart.ch\/index.php?rest_route=\/wp\/v2\/pages\/29565\/revisions"}],"predecessor-version":[{"id":29582,"href":"https:\/\/resonanceart.ch\/index.php?rest_route=\/wp\/v2\/pages\/29565\/revisions\/29582"}],"wp:attachment":[{"href":"https:\/\/resonanceart.ch\/index.php?rest_route=%2Fwp%2Fv2%2Fmedia&parent=29565"}],"curies":[{"name":"wp","href":"https:\/\/api.w.org\/{rel}","templated":true}]}}