{"id":2,"date":"2022-11-02T11:19:14","date_gmt":"2022-11-02T10:19:14","guid":{"rendered":"http:\/\/resonanceart.ch\/?page_id=2"},"modified":"2023-12-01T13:28:19","modified_gmt":"2023-12-01T12:28:19","slug":"market","status":"publish","type":"page","link":"https:\/\/resonanceart.ch\/?page_id=2","title":{"rendered":"MARKET"},"content":{"rendered":"        <div class=\"resonance-market-wrap\">\n            <div class=\"wlf-banner\">\n                <div class=\"wlf-banner-content\">\n                    <h3>\u270a Woman \u00b7 Life \u00b7 Freedom<\/h3>\n                    <p>A part of Market sales support the Woman Life Freedom project \u2014 empowering women artists.<\/p>\n                <\/div>\n            <\/div>\n            <div class=\"resonance-profile-gate\" style=\"text-align:center;padding:40px;\">\n                <h2>Sign in to access the Market<\/h2>\n                <p>Join ResonanceArt to buy, bid, and support artists.<\/p>\n                <a href=\"https:\/\/resonanceart.ch\/?page_id=29474\" class=\"cta-membership-button secondary\">Sign in<\/a>\n                <a href=\"https:\/\/resonanceart.ch\/?page_id=29473\" class=\"cta-membership-button\">Create an Account<\/a>\n            <\/div>\n        <\/div>\n        \n","protected":false},"excerpt":{"rendered":"        <div class=\"resonance-market-wrap\">\n            <div class=\"wlf-banner\">\n                <div class=\"wlf-banner-content\">\n                    <h3>\u270a Woman \u00b7 Life \u00b7 Freedom<\/h3>\n                    <p>A part of Market sales support the Woman Life Freedom project \u2014 empowering women artists.<\/p>\n                <\/div>\n            <\/div>\n            <div class=\"resonance-profile-gate\" style=\"text-align:center;padding:40px;\">\n                <h2>Sign in to access the Market<\/h2>\n                <p>Join ResonanceArt to buy, bid, and support artists.<\/p>\n                <a href=\"https:\/\/resonanceart.ch\/?page_id=29474\" class=\"cta-membership-button secondary\">Sign in<\/a>\n                <a href=\"https:\/\/resonanceart.ch\/?page_id=29473\" class=\"cta-membership-button\">Create an Account<\/a>\n            <\/div>\n        <\/div>\n        \n","protected":false},"author":1,"featured_media":0,"parent":0,"menu_order":0,"comment_status":"closed","ping_status":"closed","template":"","meta":{"_et_pb_use_builder":"on","_et_pb_old_content":"<!-- wp:paragraph {\"style\":{\"color\":{\"text\":\"#346889\"}},\"fontSize\":\"medium\"} -->\n<p class=\"has-text-color has-medium-font-size\" style=\"color:#346889\"><strong><mark style=\"background-color:rgba(0, 0, 0, 0)\" class=\"has-inline-color has-vivid-cyan-blue-color\">Mystic Instruments, Dresses, peinting<\/mark><\/strong><\/p>\n<!-- \/wp:paragraph -->\n\n<!-- wp:image {\"id\":29016,\"sizeSlug\":\"large\",\"linkDestination\":\"none\"} -->\n<figure class=\"wp-block-image size-large\"><img src=\"https:\/\/resonanceart.ch\/wp-content\/uploads\/2023\/03\/market-1-1024x419.jpg\" alt=\"\" class=\"wp-image-29016\"\/><\/figure>\n<!-- \/wp:image -->\n\n<!-- wp:gallery {\"linkTo\":\"none\"} -->\n<figure class=\"wp-block-gallery has-nested-images columns-default is-cropped\"><!-- wp:image {\"id\":29020,\"sizeSlug\":\"full\",\"linkDestination\":\"media\"} -->\n<figure class=\"wp-block-image size-full\"><a href=\"https:\/\/resonanceart.ch\/wp-content\/uploads\/2023\/03\/IMG_20190101_0002-2.jpg\"><img src=\"https:\/\/resonanceart.ch\/wp-content\/uploads\/2023\/03\/IMG_20190101_0002-2.jpg\" alt=\"A vendre 2 Santur professionnel\n1. Santur Sel kuk 9 dulcimer 15 ans de traitement Fabrication \u00e0 2000 CHF\/Euro\n2. Santur Sel kuk 9 dulcimer 10 ans de traitement et fabrication \u00e0 1500 CHF \/ Euro\nFor sale 2 Professional Santur\n1. Santur Sel kuk 9 dulcimer 15 years of treatment Manufacturing at 2000 CHF\/Euro\n2. Santur Sel kuk 9 dulcimer 10 years of processing and manufacturing at 1500 CHF \/ Euro\nSel Kuk 9 dulcimer vo\u00fbt\u00e9 avec bois de noyer\nAvant le processus de construction, les planches ont \u00e9t\u00e9 s\u00e9ch\u00e9es naturellement pendant 10\nans, et pendant le processus de production, elles sont s\u00e9ch\u00e9es dans des fours \u00e0 bois\npendant une semaine.\nApr\u00e8s cela elles sont pr\u00eates pour la construction avec les techniques, exp\u00e9rience et\nconnaissances de fabrication personnel de Maitre de Santur Arman Rashidi en Iran, les\nSantur devient finalement un produit de qualit\u00e9 et pr\u00e9cieux.\nSalt Kuk 9 arched dulcimer with walnut wood\nBefore the construction process, the boards were naturally dried for 10 years, and during\nthe production process, they are dried in wood ovens for a week.\nAfter that they are ready for construction with the techniques, experience and personal\nmanufacturing knowledge of Master of Santur Arman Rashidi in Iran, the Santur finally\nbecomes a quality and valuable product.\" class=\"wp-image-29020\"\/><\/a><\/figure>\n<!-- \/wp:image -->\n\n<!-- wp:image {\"id\":28997,\"sizeSlug\":\"large\",\"linkDestination\":\"none\"} -->\n<figure class=\"wp-block-image size-large\"><img src=\"https:\/\/resonanceart.ch\/wp-content\/uploads\/2023\/03\/daf-hich-void-1024x419.jpg\" alt=\"\" class=\"wp-image-28997\"\/><\/figure>\n<!-- \/wp:image -->\n\n<!-- wp:image {\"id\":28987,\"sizeSlug\":\"large\",\"linkDestination\":\"none\"} -->\n<figure class=\"wp-block-image size-large\"><img src=\"https:\/\/resonanceart.ch\/wp-content\/uploads\/2023\/03\/daf-solo-sun-1-1024x1024.jpg\" alt=\"\" class=\"wp-image-28987\"\/><\/figure>\n<!-- \/wp:image -->\n\n<!-- wp:image {\"id\":29008,\"sizeSlug\":\"large\",\"linkDestination\":\"none\"} -->\n<figure class=\"wp-block-image size-large\"><img src=\"https:\/\/resonanceart.ch\/wp-content\/uploads\/2023\/03\/daf-blood-1-1024x1024.jpg\" alt=\"\" class=\"wp-image-29008\"\/><\/figure>\n<!-- \/wp:image -->\n\n<!-- wp:image {\"id\":29013,\"sizeSlug\":\"large\",\"linkDestination\":\"none\"} -->\n<figure class=\"wp-block-image size-large\"><img src=\"https:\/\/resonanceart.ch\/wp-content\/uploads\/2023\/03\/daf-sufi-1-1024x419.jpg\" alt=\"\" class=\"wp-image-29013\"\/><\/figure>\n<!-- \/wp:image -->\n\n<!-- wp:image {\"id\":29014,\"sizeSlug\":\"large\",\"linkDestination\":\"none\"} -->\n<figure class=\"wp-block-image size-large\"><img src=\"https:\/\/resonanceart.ch\/wp-content\/uploads\/2023\/03\/daf-4-1-1024x419.jpg\" alt=\"\" class=\"wp-image-29014\"\/><\/figure>\n<!-- \/wp:image -->\n\n<!-- wp:image {\"id\":28986,\"sizeSlug\":\"large\",\"linkDestination\":\"none\"} -->\n<figure class=\"wp-block-image size-large\"><img src=\"https:\/\/resonanceart.ch\/wp-content\/uploads\/2023\/03\/daf-gonbad-1024x1024.jpg\" alt=\"\" class=\"wp-image-28986\"\/><\/figure>\n<!-- \/wp:image -->\n\n<!-- wp:image {\"id\":29007,\"sizeSlug\":\"large\",\"linkDestination\":\"none\"} -->\n<figure class=\"wp-block-image size-large\"><img src=\"https:\/\/resonanceart.ch\/wp-content\/uploads\/2023\/03\/daf-soil-1-1024x1024.jpg\" alt=\"\" class=\"wp-image-29007\"\/><\/figure>\n<!-- \/wp:image -->\n\n<!-- wp:image {\"id\":29015,\"sizeSlug\":\"large\",\"linkDestination\":\"none\"} -->\n<figure class=\"wp-block-image size-large\"><img src=\"https:\/\/resonanceart.ch\/wp-content\/uploads\/2023\/03\/daf3-1-1024x419.jpg\" alt=\"\" class=\"wp-image-29015\"\/><\/figure>\n<!-- \/wp:image -->\n\n<!-- wp:image {\"id\":29010,\"sizeSlug\":\"large\",\"linkDestination\":\"none\"} -->\n<figure class=\"wp-block-image size-large\"><img src=\"https:\/\/resonanceart.ch\/wp-content\/uploads\/2023\/03\/white-skirt-1-768x1024.jpg\" alt=\"\" class=\"wp-image-29010\"\/><\/figure>\n<!-- \/wp:image -->\n\n<!-- wp:image {\"id\":28995,\"sizeSlug\":\"large\",\"linkDestination\":\"none\"} -->\n<figure class=\"wp-block-image size-large\"><img src=\"https:\/\/resonanceart.ch\/wp-content\/uploads\/2023\/03\/red-skirt-768x1024.jpg\" alt=\"\" class=\"wp-image-28995\"\/><\/figure>\n<!-- \/wp:image -->\n\n<!-- wp:image -->\n<figure class=\"wp-block-image\"><img alt=\"\"\/><\/figure>\n<!-- \/wp:image -->\n\n<!-- wp:image -->\n<figure class=\"wp-block-image\"><img alt=\"\"\/><\/figure>\n<!-- \/wp:image -->\n\n<!-- wp:image -->\n<figure class=\"wp-block-image\"><img alt=\"\"\/><\/figure>\n<!-- \/wp:image -->\n\n<!-- wp:image -->\n<figure class=\"wp-block-image\"><img alt=\"\"\/><\/figure>\n<!-- \/wp:image --><\/figure>\n<!-- \/wp:gallery -->","_et_gb_content_width":"","footnotes":""},"class_list":["post-2","page","type-page","status-publish","hentry"],"_links":{"self":[{"href":"https:\/\/resonanceart.ch\/index.php?rest_route=\/wp\/v2\/pages\/2","targetHints":{"allow":["GET"]}}],"collection":[{"href":"https:\/\/resonanceart.ch\/index.php?rest_route=\/wp\/v2\/pages"}],"about":[{"href":"https:\/\/resonanceart.ch\/index.php?rest_route=\/wp\/v2\/types\/page"}],"author":[{"embeddable":true,"href":"https:\/\/resonanceart.ch\/index.php?rest_route=\/wp\/v2\/users\/1"}],"replies":[{"embeddable":true,"href":"https:\/\/resonanceart.ch\/index.php?rest_route=%2Fwp%2Fv2%2Fcomments&post=2"}],"version-history":[{"count":28,"href":"https:\/\/resonanceart.ch\/index.php?rest_route=\/wp\/v2\/pages\/2\/revisions"}],"predecessor-version":[{"id":29283,"href":"https:\/\/resonanceart.ch\/index.php?rest_route=\/wp\/v2\/pages\/2\/revisions\/29283"}],"wp:attachment":[{"href":"https:\/\/resonanceart.ch\/index.php?rest_route=%2Fwp%2Fv2%2Fmedia&parent=2"}],"curies":[{"name":"wp","href":"https:\/\/api.w.org\/{rel}","templated":true}]}}